{"id":1064,"date":"2025-04-21T03:28:47","date_gmt":"2025-04-21T02:28:47","guid":{"rendered":"https:\/\/trickoepic.cz\/?post_type=product&#038;p=1064"},"modified":"2025-08-27T04:00:37","modified_gmt":"2025-08-27T03:00:37","slug":"damska-tricka-copy","status":"publish","type":"product","link":"https:\/\/trickoepic.cz\/en\/san-pham\/damska-tricka-copy\/","title":{"rendered":"D\u00e1msk\u00e1 tri\u010dka-Let try it"},"content":{"rendered":"","protected":false},"excerpt":{"rendered":"","protected":false},"featured_media":1107,"comment_status":"open","ping_status":"closed","template":"","meta":[],"product_cat":[25],"product_tag":[],"class_list":{"0":"post-1064","1":"product","2":"type-product","3":"status-publish","4":"has-post-thumbnail","6":"product_cat-t-shirt-woman","7":"fpd-variation-needed","9":"first","10":"instock","11":"shipping-taxable","12":"purchasable","13":"product-type-variable","14":"has-default-attributes"},"yoast_head":"<!-- This site is optimized with the Yoast SEO plugin v22.7 - https:\/\/yoast.com\/wordpress\/plugins\/seo\/ -->\n<title>D\u00e1msk\u00e1 tri\u010dka-Let try it - Trickoepic<\/title>\n<meta name=\"robots\" content=\"index, follow, max-snippet:-1, max-image-preview:large, max-video-preview:-1\" \/>\n<link rel=\"canonical\" href=\"https:\/\/trickoepic.cz\/san-pham\/damska-tricka-copy\/\" \/>\n<meta property=\"og:locale\" content=\"en_US\" \/>\n<meta property=\"og:type\" content=\"article\" \/>\n<meta property=\"og:title\" content=\"D\u00e1msk\u00e1 tri\u010dka-Let try it - Trickoepic\" \/>\n<meta property=\"og:url\" content=\"https:\/\/trickoepic.cz\/san-pham\/damska-tricka-copy\/\" \/>\n<meta property=\"og:site_name\" content=\"Trickoepic\" \/>\n<meta property=\"article:modified_time\" content=\"2025-08-27T03:00:37+00:00\" \/>\n<meta property=\"og:image\" content=\"https:\/\/trickoepic.cz\/wp-content\/uploads\/2025\/04\/Product-1.png\" \/>\n\t<meta property=\"og:image:width\" content=\"600\" \/>\n\t<meta property=\"og:image:height\" content=\"660\" \/>\n\t<meta property=\"og:image:type\" content=\"image\/png\" \/>\n<meta name=\"twitter:card\" content=\"summary_large_image\" \/>\n<meta name=\"twitter:label1\" content=\"Est. reading time\" \/>\n\t<meta name=\"twitter:data1\" content=\"1 minute\" \/>\n<script type=\"application\/ld+json\" class=\"yoast-schema-graph\">{\"@context\":\"https:\/\/schema.org\",\"@graph\":[{\"@type\":\"WebPage\",\"@id\":\"https:\/\/trickoepic.cz\/san-pham\/damska-tricka-copy\/\",\"url\":\"https:\/\/trickoepic.cz\/san-pham\/damska-tricka-copy\/\",\"name\":\"D\u00e1msk\u00e1 tri\u010dka-Let try it - Trickoepic\",\"isPartOf\":{\"@id\":\"https:\/\/trickoepic.cz\/#website\"},\"primaryImageOfPage\":{\"@id\":\"https:\/\/trickoepic.cz\/san-pham\/damska-tricka-copy\/#primaryimage\"},\"image\":{\"@id\":\"https:\/\/trickoepic.cz\/san-pham\/damska-tricka-copy\/#primaryimage\"},\"thumbnailUrl\":\"https:\/\/trickoepic.cz\/wp-content\/uploads\/2025\/04\/Product-1.png\",\"datePublished\":\"2025-04-21T02:28:47+00:00\",\"dateModified\":\"2025-08-27T03:00:37+00:00\",\"breadcrumb\":{\"@id\":\"https:\/\/trickoepic.cz\/san-pham\/damska-tricka-copy\/#breadcrumb\"},\"inLanguage\":\"en-US\",\"potentialAction\":[{\"@type\":\"ReadAction\",\"target\":[\"https:\/\/trickoepic.cz\/san-pham\/damska-tricka-copy\/\"]}]},{\"@type\":\"ImageObject\",\"inLanguage\":\"en-US\",\"@id\":\"https:\/\/trickoepic.cz\/san-pham\/damska-tricka-copy\/#primaryimage\",\"url\":\"https:\/\/trickoepic.cz\/wp-content\/uploads\/2025\/04\/Product-1.png\",\"contentUrl\":\"https:\/\/trickoepic.cz\/wp-content\/uploads\/2025\/04\/Product-1.png\",\"width\":600,\"height\":660},{\"@type\":\"BreadcrumbList\",\"@id\":\"https:\/\/trickoepic.cz\/san-pham\/damska-tricka-copy\/#breadcrumb\",\"itemListElement\":[{\"@type\":\"ListItem\",\"position\":1,\"name\":\"Home\",\"item\":\"https:\/\/trickoepic.cz\/\"},{\"@type\":\"ListItem\",\"position\":2,\"name\":\"Shop\",\"item\":\"https:\/\/trickoepic.cz\/shop\/\"},{\"@type\":\"ListItem\",\"position\":3,\"name\":\"D\u00e1msk\u00e1 tri\u010dka-Let try it\"}]},{\"@type\":\"WebSite\",\"@id\":\"https:\/\/trickoepic.cz\/#website\",\"url\":\"https:\/\/trickoepic.cz\/\",\"name\":\"Trickoepic\",\"description\":\"\",\"potentialAction\":[{\"@type\":\"SearchAction\",\"target\":{\"@type\":\"EntryPoint\",\"urlTemplate\":\"https:\/\/trickoepic.cz\/?s={search_term_string}\"},\"query-input\":\"required name=search_term_string\"}],\"inLanguage\":\"en-US\"}]}<\/script>\n<!-- \/ Yoast SEO plugin. -->","yoast_head_json":{"title":"D\u00e1msk\u00e1 tri\u010dka-Let try it - Trickoepic","robots":{"index":"index","follow":"follow","max-snippet":"max-snippet:-1","max-image-preview":"max-image-preview:large","max-video-preview":"max-video-preview:-1"},"canonical":"https:\/\/trickoepic.cz\/san-pham\/damska-tricka-copy\/","og_locale":"en_US","og_type":"article","og_title":"D\u00e1msk\u00e1 tri\u010dka-Let try it - Trickoepic","og_url":"https:\/\/trickoepic.cz\/san-pham\/damska-tricka-copy\/","og_site_name":"Trickoepic","article_modified_time":"2025-08-27T03:00:37+00:00","og_image":[{"width":600,"height":660,"url":"https:\/\/trickoepic.cz\/wp-content\/uploads\/2025\/04\/Product-1.png","type":"image\/png"}],"twitter_card":"summary_large_image","twitter_misc":{"Est. reading time":"1 minute"},"schema":{"@context":"https:\/\/schema.org","@graph":[{"@type":"WebPage","@id":"https:\/\/trickoepic.cz\/san-pham\/damska-tricka-copy\/","url":"https:\/\/trickoepic.cz\/san-pham\/damska-tricka-copy\/","name":"D\u00e1msk\u00e1 tri\u010dka-Let try it - Trickoepic","isPartOf":{"@id":"https:\/\/trickoepic.cz\/#website"},"primaryImageOfPage":{"@id":"https:\/\/trickoepic.cz\/san-pham\/damska-tricka-copy\/#primaryimage"},"image":{"@id":"https:\/\/trickoepic.cz\/san-pham\/damska-tricka-copy\/#primaryimage"},"thumbnailUrl":"https:\/\/trickoepic.cz\/wp-content\/uploads\/2025\/04\/Product-1.png","datePublished":"2025-04-21T02:28:47+00:00","dateModified":"2025-08-27T03:00:37+00:00","breadcrumb":{"@id":"https:\/\/trickoepic.cz\/san-pham\/damska-tricka-copy\/#breadcrumb"},"inLanguage":"en-US","potentialAction":[{"@type":"ReadAction","target":["https:\/\/trickoepic.cz\/san-pham\/damska-tricka-copy\/"]}]},{"@type":"ImageObject","inLanguage":"en-US","@id":"https:\/\/trickoepic.cz\/san-pham\/damska-tricka-copy\/#primaryimage","url":"https:\/\/trickoepic.cz\/wp-content\/uploads\/2025\/04\/Product-1.png","contentUrl":"https:\/\/trickoepic.cz\/wp-content\/uploads\/2025\/04\/Product-1.png","width":600,"height":660},{"@type":"BreadcrumbList","@id":"https:\/\/trickoepic.cz\/san-pham\/damska-tricka-copy\/#breadcrumb","itemListElement":[{"@type":"ListItem","position":1,"name":"Home","item":"https:\/\/trickoepic.cz\/"},{"@type":"ListItem","position":2,"name":"Shop","item":"https:\/\/trickoepic.cz\/shop\/"},{"@type":"ListItem","position":3,"name":"D\u00e1msk\u00e1 tri\u010dka-Let try it"}]},{"@type":"WebSite","@id":"https:\/\/trickoepic.cz\/#website","url":"https:\/\/trickoepic.cz\/","name":"Trickoepic","description":"","potentialAction":[{"@type":"SearchAction","target":{"@type":"EntryPoint","urlTemplate":"https:\/\/trickoepic.cz\/?s={search_term_string}"},"query-input":"required name=search_term_string"}],"inLanguage":"en-US"}]}},"_links":{"self":[{"href":"https:\/\/trickoepic.cz\/en\/wp-json\/wp\/v2\/product\/1064","targetHints":{"allow":["GET"]}}],"collection":[{"href":"https:\/\/trickoepic.cz\/en\/wp-json\/wp\/v2\/product"}],"about":[{"href":"https:\/\/trickoepic.cz\/en\/wp-json\/wp\/v2\/types\/product"}],"replies":[{"embeddable":true,"href":"https:\/\/trickoepic.cz\/en\/wp-json\/wp\/v2\/comments?post=1064"}],"version-history":[{"count":1,"href":"https:\/\/trickoepic.cz\/en\/wp-json\/wp\/v2\/product\/1064\/revisions"}],"predecessor-version":[{"id":4557,"href":"https:\/\/trickoepic.cz\/en\/wp-json\/wp\/v2\/product\/1064\/revisions\/4557"}],"wp:featuredmedia":[{"embeddable":true,"href":"https:\/\/trickoepic.cz\/en\/wp-json\/wp\/v2\/media\/1107"}],"wp:attachment":[{"href":"https:\/\/trickoepic.cz\/en\/wp-json\/wp\/v2\/media?parent=1064"}],"wp:term":[{"taxonomy":"product_cat","embeddable":true,"href":"https:\/\/trickoepic.cz\/en\/wp-json\/wp\/v2\/product_cat?post=1064"},{"taxonomy":"product_tag","embeddable":true,"href":"https:\/\/trickoepic.cz\/en\/wp-json\/wp\/v2\/product_tag?post=1064"}],"curies":[{"name":"wp","href":"https:\/\/api.w.org\/{rel}","templated":true}]}}